{"id":35848,"date":"2021-11-10T11:53:02","date_gmt":"2021-11-10T10:53:02","guid":{"rendered":"https:\/\/insidemag.nkg.coffee\/assinar\/"},"modified":"2024-12-05T14:31:26","modified_gmt":"2024-12-05T13:31:26","slug":"assinar","status":"publish","type":"page","link":"https:\/\/insidemag.nkg.coffee\/pt-br\/assinar\/","title":{"rendered":"Assinar"},"content":{"rendered":"\t\t<div data-elementor-type=\"wp-page\" data-elementor-id=\"35848\" class=\"elementor elementor-35848 elementor-32965\" data-elementor-post-type=\"page\">\n\t\t\t\t\t\t<section class=\"elementor-section elementor-top-section elementor-element elementor-element-f9dfcff elementor-section-boxed elementor-section-height-default elementor-section-height-default\" data-id=\"f9dfcff\" data-element_type=\"section\" data-e-type=\"section\">\n\t\t\t\t\t\t<div class=\"elementor-container elementor-column-gap-no\">\n\t\t\t\t\t<div class=\"elementor-column elementor-col-100 elementor-top-column elementor-element elementor-element-4f195d1\" data-id=\"4f195d1\" data-element_type=\"column\" data-e-type=\"column\">\n\t\t\t<div class=\"elementor-widget-wrap elementor-element-populated\">\n\t\t\t\t\t\t<section class=\"elementor-section elementor-inner-section elementor-element elementor-element-5785022 elementor-section-boxed elementor-section-height-default elementor-section-height-default\" data-id=\"5785022\" data-element_type=\"section\" data-e-type=\"section\">\n\t\t\t\t\t\t<div class=\"elementor-container elementor-column-gap-no\">\n\t\t\t\t\t<div class=\"elementor-column elementor-col-50 elementor-inner-column elementor-element elementor-element-8de5479\" data-id=\"8de5479\" data-element_type=\"column\" data-e-type=\"column\">\n\t\t\t<div class=\"elementor-widget-wrap elementor-element-populated\">\n\t\t\t\t\t\t<div class=\"elementor-element elementor-element-809dace elementor-widget elementor-widget-heading\" data-id=\"809dace\" data-element_type=\"widget\" data-e-type=\"widget\" data-widget_type=\"heading.default\">\n\t\t\t\t<div class=\"elementor-widget-container\">\n\t\t\t\t\t<h1 class=\"elementor-heading-title elementor-size-default\">ASSINE AGORA<\/h1>\t\t\t\t<\/div>\n\t\t\t\t<\/div>\n\t\t\t\t<div class=\"elementor-element elementor-element-a5cad64 elementor-widget elementor-widget-spacer\" data-id=\"a5cad64\" data-element_type=\"widget\" data-e-type=\"widget\" data-widget_type=\"spacer.default\">\n\t\t\t\t<div class=\"elementor-widget-container\">\n\t\t\t\t\t\t\t<div class=\"elementor-spacer\">\n\t\t\t<div class=\"elementor-spacer-inner\"><\/div>\n\t\t<\/div>\n\t\t\t\t\t\t<\/div>\n\t\t\t\t<\/div>\n\t\t\t\t<div class=\"elementor-element elementor-element-e7697b4 elementor-widget elementor-widget-text-editor\" data-id=\"e7697b4\" data-element_type=\"widget\" data-e-type=\"widget\" data-widget_type=\"text-editor.default\">\n\t\t\t\t<div class=\"elementor-widget-container\">\n\t\t\t\t\t\t\t\t\t<p>Voc\u00ea gostaria de receber um breve informativo sempre que publicarmos uma nova edi\u00e7\u00e3o da revista INSIDE NKG MAG? Agora voc\u00ea pode se inscrever para receber atualiza\u00e7\u00f5es aqui, para n\u00e3o perder nenhum conte\u00fado interessante no futuro. Estamos ansiosos para ver voc\u00ea on-line!  <\/p>\n\t\t\t\t\t\t\t\t<\/div>\n\t\t\t\t<\/div>\n\t\t\t\t<div class=\"elementor-element elementor-element-9561373 elementor-widget elementor-widget-spacer\" data-id=\"9561373\" data-element_type=\"widget\" data-e-type=\"widget\" data-widget_type=\"spacer.default\">\n\t\t\t\t<div class=\"elementor-widget-container\">\n\t\t\t\t\t\t\t<div class=\"elementor-spacer\">\n\t\t\t<div class=\"elementor-spacer-inner\"><\/div>\n\t\t<\/div>\n\t\t\t\t\t\t<\/div>\n\t\t\t\t<\/div>\n\t\t\t\t<div class=\"elementor-element elementor-element-e063439 elementor-widget elementor-widget-html\" data-id=\"e063439\" data-element_type=\"widget\" data-e-type=\"widget\" data-widget_type=\"html.default\">\n\t\t\t\t<div class=\"elementor-widget-container\">\n\t\t\t\t\t<!-- Begin Mailchimp Signup Form -->\n<link href=\"\/\/cdn-images.mailchimp.com\/embedcode\/classic-10_7.css\" rel=\"stylesheet\" type=\"text\/css\">\n<style type=\"text\/css\">\n\t#mc_embed_signup{background:#e64a10; clear:left; font:16px Aptifer,sans-serif;   \n    color: #ffffff;\n    padding: 20px; } \n\t\/* Add your own Mailchimp form style overrides in your site stylesheet or in this style block.\n\t   We recommend moving this block and the preceding CSS link to the HEAD of your HTML file. *\/\n<\/style>\n<div id=\"mc_embed_signup\">\n<form action=\"https:\/\/coffee.us5.list-manage.com\/subscribe\/post?u=3e7092848092e5073be612a12&amp;id=7aec0e247e\" method=\"post\" id=\"mc-embedded-subscribe-form\" name=\"mc-embedded-subscribe-form\" class=\"validate\" target=\"_blank\" novalidate=\"\">\n    <div id=\"mc_embed_signup_scroll\">\n\t<h2 style=\"color: #ffffff;\">Sim, eu gostaria de receber o boletim informativo sobre as novas edi\u00e7\u00f5es da INSIDE NKG MAG.  <\/h2>\n<div class=\"indicates-required\"><span class=\"asterisk\" style=\"color: #ffffff;\">*<\/span> indica necess\u00e1rio<\/div>\n<div class=\"mc-field-group\" style=\"font:Aptifer, sans-serif;\">\n\t<label for=\"mce-EMAIL\">ENDERE\u00c7O DE E-MAIL <span class=\"asterisk\" style=\"color: #ffffff;\">*<\/span>\n<\/label>\n\t<input type=\"email\" value=\"\" name=\"EMAIL\" class=\"required email\" id=\"mce-EMAIL\">\n<\/div>\n<div class=\"mc-field-group\">\n\t<label for=\"mce-FNAME\">PRIMEIRO NOME <span class=\"asterisk\" style=\"color: #ffffff;\">*<\/span>\n<\/label>\n\t<input type=\"text\" value=\"\" name=\"FNAME\" class=\"required\" id=\"mce-FNAME\">\n<\/div>\n<div class=\"mc-field-group\">\n\t<label for=\"mce-LNAME\">SOBRENOME <span class=\"asterisk\" style=\"color: #ffffff;\">*<\/span>\n<\/label>\n\t<input type=\"text\" value=\"\" name=\"LNAME\" class=\"required\" id=\"mce-LNAME\">\n<\/div>\n<div class=\"mc-field-group\">\n\t<label for=\"mce-MMERGE5\">EMPRESA  <\/label>\n\t<input type=\"text\" value=\"\" name=\"MMERGE5\" class=\"\" id=\"mce-MMERGE5\">\n<\/div>\n\t<div id=\"mce-responses\" class=\"clear\">\n\t\t<div class=\"response\" id=\"mce-error-response\" style=\"display:none\"><\/div>\n\t\t<div class=\"response\" id=\"mce-success-response\" style=\"display:none\"><\/div>\n\t<\/div>    <!-- real people should not fill this in and expect good things - do not remove this or risk form bot signups-->\n    <div style=\"position: absolute; left: -5000px;\" aria-hidden=\"true\"><input type=\"text\" name=\"b_3e7092848092e5073be612a12_7aec0e247e\" tabindex=\"-1\" value=\"\"><\/div>\n     <div style=\"height:120px;\"><\/div>\n    <div style=\"height:60px;\">\nAo se inscrever, voc\u00ea aceita nossa <a href=\"https:\/\/insidemag.nkg.coffee\/pt-br\/privacy-policy\/\" target=\"_blank\">Pol\u00edtica de Privacidade<\/a>.<\/br>\nVoc\u00ea pode cancelar a inscri\u00e7\u00e3o a qualquer momento.<\/div>\n <div style=\"height:30px;\"><\/div>\n    <div class=\"clear\"><input type=\"submit\" value=\"ASSINE AGORA\" name=\"subscribe\" id=\"mc-embedded-subscribe\" class=\"button\" style=\"background:#ffffff; color:#066330;border:1px solid; border-radius:0px; font:Aptifer, sans-serif;\"><\/div>\n    <\/div>\n<\/form>\n<\/div>\n<script type=\"text\/javascript\" src=\"\/\/s3.amazonaws.com\/downloads.mailchimp.com\/js\/mc-validate.js\"><\/script><script type=\"text\/javascript\">(function($) {window.fnames = new Array(); window.ftypes = new Array();fnames[0]='EMAIL';ftypes[0]='email';fnames[1]='FNAME';ftypes[1]='text';fnames[2]='LNAME';ftypes[2]='text';fnames[3]='ADDRESS';ftypes[3]='address';fnames[4]='PHONE';ftypes[4]='phone';fnames[5]='MMERGE5';ftypes[5]='text';}(jQuery));var $mcj = jQuery.noConflict(true);<\/script>\n<!--End mc_embed_signup-->\t\t\t\t<\/div>\n\t\t\t\t<\/div>\n\t\t\t\t\t<\/div>\n\t\t<\/div>\n\t\t\t\t<div class=\"elementor-column elementor-col-50 elementor-inner-column elementor-element elementor-element-c09a753\" data-id=\"c09a753\" data-element_type=\"column\" data-e-type=\"column\">\n\t\t\t<div class=\"elementor-widget-wrap\">\n\t\t\t\t\t\t\t<\/div>\n\t\t<\/div>\n\t\t\t\t\t<\/div>\n\t\t<\/section>\n\t\t\t\t\t<\/div>\n\t\t<\/div>\n\t\t\t\t\t<\/div>\n\t\t<\/section>\n\t\t\t\t<\/div>\n\t\t","protected":false},"excerpt":{"rendered":"<p>ASSINE AGORA Voc\u00ea gostaria de receber um breve informativo sempre que publicarmos uma nova edi\u00e7\u00e3o da revista INSIDE NKG MAG? Agora voc\u00ea pode se inscrever para receber atualiza\u00e7\u00f5es aqui, para n\u00e3o perder nenhum conte\u00fado interessante no futuro. Estamos ansiosos para ver voc\u00ea on-line! Sim, eu gostaria de receber o boletim informativo sobre as novas edi\u00e7\u00f5es [&hellip;]<\/p>\n","protected":false},"author":4,"featured_media":0,"parent":0,"menu_order":0,"comment_status":"closed","ping_status":"closed","template":"elementor_header_footer","meta":{"_acf_changed":false,"footnotes":""},"class_list":["post-35848","page","type-page","status-publish","hentry"],"acf":[],"_links":{"self":[{"href":"https:\/\/insidemag.nkg.coffee\/pt-br\/wp-json\/wp\/v2\/pages\/35848","targetHints":{"allow":["GET"]}}],"collection":[{"href":"https:\/\/insidemag.nkg.coffee\/pt-br\/wp-json\/wp\/v2\/pages"}],"about":[{"href":"https:\/\/insidemag.nkg.coffee\/pt-br\/wp-json\/wp\/v2\/types\/page"}],"author":[{"embeddable":true,"href":"https:\/\/insidemag.nkg.coffee\/pt-br\/wp-json\/wp\/v2\/users\/4"}],"replies":[{"embeddable":true,"href":"https:\/\/insidemag.nkg.coffee\/pt-br\/wp-json\/wp\/v2\/comments?post=35848"}],"version-history":[{"count":2,"href":"https:\/\/insidemag.nkg.coffee\/pt-br\/wp-json\/wp\/v2\/pages\/35848\/revisions"}],"predecessor-version":[{"id":65172,"href":"https:\/\/insidemag.nkg.coffee\/pt-br\/wp-json\/wp\/v2\/pages\/35848\/revisions\/65172"}],"wp:attachment":[{"href":"https:\/\/insidemag.nkg.coffee\/pt-br\/wp-json\/wp\/v2\/media?parent=35848"}],"curies":[{"name":"wp","href":"https:\/\/api.w.org\/{rel}","templated":true}]}}