{"id":35330,"date":"2021-11-10T11:53:02","date_gmt":"2021-11-10T10:53:02","guid":{"rendered":"https:\/\/insidemag.nkg.coffee\/?page_id=35330"},"modified":"2025-05-27T15:58:40","modified_gmt":"2025-05-27T13:58:40","slug":"registrieren","status":"publish","type":"page","link":"https:\/\/insidemag.nkg.coffee\/de\/registrieren\/","title":{"rendered":"Registrieren"},"content":{"rendered":"\t\t<div data-elementor-type=\"wp-page\" data-elementor-id=\"35330\" class=\"elementor elementor-35330 elementor-32965\" data-elementor-post-type=\"page\">\n\t\t\t\t\t\t<section class=\"elementor-section elementor-top-section elementor-element elementor-element-f9dfcff elementor-section-boxed elementor-section-height-default elementor-section-height-default\" data-id=\"f9dfcff\" data-element_type=\"section\" data-e-type=\"section\">\n\t\t\t\t\t\t<div class=\"elementor-container elementor-column-gap-no\">\n\t\t\t\t\t<div class=\"elementor-column elementor-col-100 elementor-top-column elementor-element elementor-element-4f195d1\" data-id=\"4f195d1\" data-element_type=\"column\" data-e-type=\"column\">\n\t\t\t<div class=\"elementor-widget-wrap elementor-element-populated\">\n\t\t\t\t\t\t<section class=\"elementor-section elementor-inner-section elementor-element elementor-element-5785022 elementor-section-boxed elementor-section-height-default elementor-section-height-default\" data-id=\"5785022\" data-element_type=\"section\" data-e-type=\"section\">\n\t\t\t\t\t\t<div class=\"elementor-container elementor-column-gap-no\">\n\t\t\t\t\t<div class=\"elementor-column elementor-col-50 elementor-inner-column elementor-element elementor-element-8de5479\" data-id=\"8de5479\" data-element_type=\"column\" data-e-type=\"column\">\n\t\t\t<div class=\"elementor-widget-wrap elementor-element-populated\">\n\t\t\t\t\t\t<div class=\"elementor-element elementor-element-809dace elementor-widget elementor-widget-heading\" data-id=\"809dace\" data-element_type=\"widget\" data-e-type=\"widget\" data-widget_type=\"heading.default\">\n\t\t\t\t<div class=\"elementor-widget-container\">\n\t\t\t\t\t<h1 class=\"elementor-heading-title elementor-size-default\">JETZT ABONNIEREN<\/h1>\t\t\t\t<\/div>\n\t\t\t\t<\/div>\n\t\t\t\t<div class=\"elementor-element elementor-element-a5cad64 elementor-widget elementor-widget-spacer\" data-id=\"a5cad64\" data-element_type=\"widget\" data-e-type=\"widget\" data-widget_type=\"spacer.default\">\n\t\t\t\t<div class=\"elementor-widget-container\">\n\t\t\t\t\t\t\t<div class=\"elementor-spacer\">\n\t\t\t<div class=\"elementor-spacer-inner\"><\/div>\n\t\t<\/div>\n\t\t\t\t\t\t<\/div>\n\t\t\t\t<\/div>\n\t\t\t\t<div class=\"elementor-element elementor-element-e7697b4 elementor-widget elementor-widget-text-editor\" data-id=\"e7697b4\" data-element_type=\"widget\" data-e-type=\"widget\" data-widget_type=\"text-editor.default\">\n\t\t\t\t<div class=\"elementor-widget-container\">\n\t\t\t\t\t\t\t\t\t<p>M\u00f6chten Sie jedes Mal, wenn wir eine neue Ausgabe unseres INSIDE NKG MAG ver\u00f6ffentlichen, eine kurze Information erhalten? Hier k\u00f6nnen Sie sich jetzt f\u00fcr Updates anmelden, damit Sie in Zukunft keine interessanten Inhalte mehr verpassen. Wir freuen uns sehr darauf, Sie online zu sehen!  <\/p>\n\t\t\t\t\t\t\t\t<\/div>\n\t\t\t\t<\/div>\n\t\t\t\t<div class=\"elementor-element elementor-element-9561373 elementor-widget elementor-widget-spacer\" data-id=\"9561373\" data-element_type=\"widget\" data-e-type=\"widget\" data-widget_type=\"spacer.default\">\n\t\t\t\t<div class=\"elementor-widget-container\">\n\t\t\t\t\t\t\t<div class=\"elementor-spacer\">\n\t\t\t<div class=\"elementor-spacer-inner\"><\/div>\n\t\t<\/div>\n\t\t\t\t\t\t<\/div>\n\t\t\t\t<\/div>\n\t\t\t\t<div class=\"elementor-element elementor-element-e063439 elementor-widget elementor-widget-html\" data-id=\"e063439\" data-element_type=\"widget\" data-e-type=\"widget\" data-widget_type=\"html.default\">\n\t\t\t\t<div class=\"elementor-widget-container\">\n\t\t\t\t\t<!-- Begin Mailchimp Signup Form -->\n<link href=\"\/\/cdn-images.mailchimp.com\/embedcode\/classic-10_7.css\" rel=\"stylesheet\" type=\"text\/css\">\n<style type=\"text\/css\">\n\t#mc_embed_signup{background:#e64a10; clear:left; font:16px Aptifer,sans-serif;   \n    color: #ffffff;\n    padding: 20px; } \n\t\/* Add your own Mailchimp form style overrides in your site stylesheet or in this style block.\n\t   We recommend moving this block and the preceding CSS link to the HEAD of your HTML file. *\/\n<\/style>\n<div id=\"mc_embed_signup\">\n<form action=\"https:\/\/coffee.us5.list-manage.com\/subscribe\/post?u=3e7092848092e5073be612a12&amp;id=7aec0e247e\" method=\"post\" id=\"mc-embedded-subscribe-form\" name=\"mc-embedded-subscribe-form\" class=\"validate\" target=\"_blank\" novalidate=\"\">\n    <div id=\"mc_embed_signup_scroll\">\n\t<h2 style=\"color: #ffffff;\">Ja, ich m\u00f6chte den Newsletter erhalten, der mich \u00fcber neue INSIDE NKG MAG-Ausgaben informiert.  <\/h2>\n<div class=\"indicates-required\"><span class=\"asterisk\" style=\"color: #ffffff;\">*<\/span> bedeutet erforderlich<\/div>\n<div class=\"mc-field-group\" style=\"font:Aptifer, sans-serif;\">\n\t<label for=\"mce-EMAIL\">EMAIL ADRESSE <span class=\"asterisk\" style=\"color: #ffffff;\">*<\/span>\n<\/label>\n\t<input type=\"email\" value=\"\" name=\"EMAIL\" class=\"required email\" id=\"mce-EMAIL\">\n<\/div>\n<div class=\"mc-field-group\">\n\t<label for=\"mce-FNAME\">VORNAME <span class=\"asterisk\" style=\"color: #ffffff;\">*<\/span>\n<\/label>\n\t<input type=\"text\" value=\"\" name=\"FNAME\" class=\"required\" id=\"mce-FNAME\">\n<\/div>\n<div class=\"mc-field-group\">\n\t<label for=\"mce-LNAME\">NACHNAME <span class=\"asterisk\" style=\"color: #ffffff;\">*<\/span>\n<\/label>\n\t<input type=\"text\" value=\"\" name=\"LNAME\" class=\"required\" id=\"mce-LNAME\">\n<\/div>\n<div class=\"mc-field-group\">\n\t<label for=\"mce-MMERGE5\">UNTERNEHMEN  <\/label>\n\t<input type=\"text\" value=\"\" name=\"MMERGE5\" class=\"\" id=\"mce-MMERGE5\">\n<\/div>\n\t<div id=\"mce-responses\" class=\"clear\">\n\t\t<div class=\"response\" id=\"mce-error-response\" style=\"display:none\"><\/div>\n\t\t<div class=\"response\" id=\"mce-success-response\" style=\"display:none\"><\/div>\n\t<\/div>    <!-- real people should not fill this in and expect good things - do not remove this or risk form bot signups-->\n    <div style=\"position: absolute; left: -5000px;\" aria-hidden=\"true\"><input type=\"text\" name=\"b_3e7092848092e5073be612a12_7aec0e247e\" tabindex=\"-1\" value=\"\"><\/div>\n     <div style=\"height:120px;\"><\/div>\n    <div style=\"height:60px;\">\nWenn Sie sich anmelden, akzeptieren Sie unsere <a href=\"https:\/\/insidemag.nkg.coffee\/de\/privacy-policy\/\" target=\"_blank\">Datenschutzbestimmungen<\/a>.<\/br>\nSie k\u00f6nnen sich jederzeit abmelden.<\/div>\n <div style=\"height:30px;\"><\/div>\n    <div class=\"clear\"><input type=\"submit\" value=\"JETZT ABONNIEREN\" name=\"subscribe\" id=\"mc-embedded-subscribe\" class=\"button\" style=\"background:#ffffff; color:#066330;border:1px solid; border-radius:0px; font:Aptifer, sans-serif;\"><\/div>\n    <\/div>\n<\/form>\n<\/div>\n<script type=\"text\/javascript\" src=\"\/\/s3.amazonaws.com\/downloads.mailchimp.com\/js\/mc-validate.js\"><\/script><script type=\"text\/javascript\">(function($) {window.fnames = new Array(); window.ftypes = new Array();fnames[0]='EMAIL';ftypes[0]='email';fnames[1]='FNAME';ftypes[1]='text';fnames[2]='LNAME';ftypes[2]='text';fnames[3]='ADDRESS';ftypes[3]='address';fnames[4]='PHONE';ftypes[4]='phone';fnames[5]='MMERGE5';ftypes[5]='text';}(jQuery));var $mcj = jQuery.noConflict(true);<\/script>\n<!--End mc_embed_signup-->\t\t\t\t<\/div>\n\t\t\t\t<\/div>\n\t\t\t\t\t<\/div>\n\t\t<\/div>\n\t\t\t\t<div class=\"elementor-column elementor-col-50 elementor-inner-column elementor-element elementor-element-c09a753\" data-id=\"c09a753\" data-element_type=\"column\" data-e-type=\"column\">\n\t\t\t<div class=\"elementor-widget-wrap\">\n\t\t\t\t\t\t\t<\/div>\n\t\t<\/div>\n\t\t\t\t\t<\/div>\n\t\t<\/section>\n\t\t\t\t\t<\/div>\n\t\t<\/div>\n\t\t\t\t\t<\/div>\n\t\t<\/section>\n\t\t\t\t<\/div>\n\t\t","protected":false},"excerpt":{"rendered":"<p>JETZT ABONNIEREN M\u00f6chten Sie jedes Mal, wenn wir eine neue Ausgabe unseres INSIDE NKG MAG ver\u00f6ffentlichen, eine kurze Information erhalten? Hier k\u00f6nnen Sie sich jetzt f\u00fcr Updates anmelden, damit Sie in Zukunft keine interessanten Inhalte mehr verpassen. Wir freuen uns sehr darauf, Sie online zu sehen! Ja, ich m\u00f6chte den Newsletter erhalten, der mich \u00fcber [&hellip;]<\/p>\n","protected":false},"author":4,"featured_media":0,"parent":0,"menu_order":0,"comment_status":"closed","ping_status":"closed","template":"elementor_header_footer","meta":{"_acf_changed":false,"footnotes":""},"class_list":["post-35330","page","type-page","status-publish","hentry"],"acf":[],"_links":{"self":[{"href":"https:\/\/insidemag.nkg.coffee\/de\/wp-json\/wp\/v2\/pages\/35330","targetHints":{"allow":["GET"]}}],"collection":[{"href":"https:\/\/insidemag.nkg.coffee\/de\/wp-json\/wp\/v2\/pages"}],"about":[{"href":"https:\/\/insidemag.nkg.coffee\/de\/wp-json\/wp\/v2\/types\/page"}],"author":[{"embeddable":true,"href":"https:\/\/insidemag.nkg.coffee\/de\/wp-json\/wp\/v2\/users\/4"}],"replies":[{"embeddable":true,"href":"https:\/\/insidemag.nkg.coffee\/de\/wp-json\/wp\/v2\/comments?post=35330"}],"version-history":[{"count":5,"href":"https:\/\/insidemag.nkg.coffee\/de\/wp-json\/wp\/v2\/pages\/35330\/revisions"}],"predecessor-version":[{"id":65171,"href":"https:\/\/insidemag.nkg.coffee\/de\/wp-json\/wp\/v2\/pages\/35330\/revisions\/65171"}],"wp:attachment":[{"href":"https:\/\/insidemag.nkg.coffee\/de\/wp-json\/wp\/v2\/media?parent=35330"}],"curies":[{"name":"wp","href":"https:\/\/api.w.org\/{rel}","templated":true}]}}